{"id":18,"date":"2024-08-01T15:17:27","date_gmt":"2024-08-01T15:17:27","guid":{"rendered":"https:\/\/palaoprojects.com\/?page_id=18"},"modified":"2025-02-03T15:05:17","modified_gmt":"2025-02-03T15:05:17","slug":"servicios","status":"publish","type":"page","link":"https:\/\/palaoprojects.com\/en\/servicios\/","title":{"rendered":"Services"},"content":{"rendered":"<div data-elementor-type=\"wp-page\" data-elementor-id=\"18\" class=\"elementor elementor-18\" data-elementor-post-type=\"page\">\n\t\t\t\t<div class=\"elementor-element elementor-element-2727ea3 e-flex e-con-boxed e-con e-parent\" data-id=\"2727ea3\" data-element_type=\"container\" data-e-type=\"container\" data-settings=\"{&quot;background_background&quot;:&quot;classic&quot;}\">\n\t\t\t\t\t<div class=\"e-con-inner\">\n\t\t<div class=\"elementor-element elementor-element-452aaac2 e-con-full e-flex e-con e-child\" data-id=\"452aaac2\" data-element_type=\"container\" data-e-type=\"container\">\n\t\t\t\t<div class=\"elementor-element elementor-element-1de640b6 elementor-widget elementor-widget-heading\" data-id=\"1de640b6\" data-element_type=\"widget\" data-e-type=\"widget\" data-widget_type=\"heading.default\">\n\t\t\t\t<div class=\"elementor-widget-container\">\n\t\t\t\t\t<h1 class=\"elementor-heading-title elementor-size-default\">Services<\/h1>\t\t\t\t<\/div>\n\t\t\t\t<\/div>\n\t\t\t\t<div class=\"elementor-element elementor-element-9ad30a elementor-widget elementor-widget-heading\" data-id=\"9ad30a\" data-element_type=\"widget\" data-e-type=\"widget\" data-widget_type=\"heading.default\">\n\t\t\t\t<div class=\"elementor-widget-container\">\n\t\t\t\t\t<h4 class=\"elementor-heading-title elementor-size-default\">Crafting Bespoke Spaces with Unparalleled Expertise. <br> We specialise in delivering comprehensive solutions for creating exceptional spaces. Our approach is founded on quality, customisation, and attentive client care, ensuring each project is a unique and gratifying experience. <\/h4>\t\t\t\t<\/div>\n\t\t\t\t<\/div>\n\t\t\t\t<\/div>\n\t\t\t\t\t<\/div>\n\t\t\t\t<\/div>\n\t\t<div class=\"elementor-element elementor-element-790d043 e-flex e-con-boxed e-con e-parent\" data-id=\"790d043\" data-element_type=\"container\" data-e-type=\"container\">\n\t\t\t\t\t<div class=\"e-con-inner\">\n\t\t<div class=\"elementor-element elementor-element-cc1feec e-con-full e-flex e-con e-child\" data-id=\"cc1feec\" data-element_type=\"container\" data-e-type=\"container\">\n\t\t\t\t<div class=\"elementor-element elementor-element-983fc44 elementor-widget elementor-widget-heading\" data-id=\"983fc44\" data-element_type=\"widget\" data-e-type=\"widget\" data-widget_type=\"heading.default\">\n\t\t\t\t<div class=\"elementor-widget-container\">\n\t\t\t\t\t<h2 class=\"elementor-heading-title elementor-size-default\">Custom design<\/h2>\t\t\t\t<\/div>\n\t\t\t\t<\/div>\n\t\t\t\t<div class=\"elementor-element elementor-element-4cd3014 elementor-widget elementor-widget-text-editor\" data-id=\"4cd3014\" data-element_type=\"widget\" data-e-type=\"widget\" data-widget_type=\"text-editor.default\">\n\t\t\t\t<div class=\"elementor-widget-container\">\n\t\t\t\t\t\t\t\t\t<p>We recognise that each client is unique.<\/p><p>That's why we offer a fully bespoke service, adapting to the specific requirements of every project.<\/p><p>We work closely with you to ensure that each detail reflects your vision and personal style.<\/p>\t\t\t\t\t\t\t\t<\/div>\n\t\t\t\t<\/div>\n\t\t\t\t<\/div>\n\t\t<div class=\"elementor-element elementor-element-8033f73 e-con-full e-flex e-con e-child\" data-id=\"8033f73\" data-element_type=\"container\" data-e-type=\"container\" data-settings=\"{&quot;background_background&quot;:&quot;classic&quot;}\">\n\t\t\t\t<div class=\"elementor-element elementor-element-297229a elementor-widget elementor-widget-image\" data-id=\"297229a\" data-element_type=\"widget\" data-e-type=\"widget\" data-widget_type=\"image.default\">\n\t\t\t\t<div class=\"elementor-widget-container\">\n\t\t\t\t\t\t\t\t\t\t\t\t\t\t\t<img fetchpriority=\"high\" decoding=\"async\" width=\"800\" height=\"450\" src=\"https:\/\/palaoprojects.com\/wp-content\/uploads\/2025\/02\/two-female-architects-discuss-about-interior-desig-2023-11-27-05-30-00-utc-1024x576.jpg\" class=\"attachment-large size-large wp-image-1489\" alt=\"\" srcset=\"https:\/\/palaoprojects.com\/wp-content\/uploads\/2025\/02\/two-female-architects-discuss-about-interior-desig-2023-11-27-05-30-00-utc-1024x576.jpg 1024w, https:\/\/palaoprojects.com\/wp-content\/uploads\/2025\/02\/two-female-architects-discuss-about-interior-desig-2023-11-27-05-30-00-utc-300x169.jpg 300w, https:\/\/palaoprojects.com\/wp-content\/uploads\/2025\/02\/two-female-architects-discuss-about-interior-desig-2023-11-27-05-30-00-utc-768x432.jpg 768w, https:\/\/palaoprojects.com\/wp-content\/uploads\/2025\/02\/two-female-architects-discuss-about-interior-desig-2023-11-27-05-30-00-utc-1536x864.jpg 1536w, https:\/\/palaoprojects.com\/wp-content\/uploads\/2025\/02\/two-female-architects-discuss-about-interior-desig-2023-11-27-05-30-00-utc-2048x1152.jpg 2048w, https:\/\/palaoprojects.com\/wp-content\/uploads\/2025\/02\/two-female-architects-discuss-about-interior-desig-2023-11-27-05-30-00-utc-18x10.jpg 18w\" sizes=\"(max-width: 800px) 100vw, 800px\" \/>\t\t\t\t\t\t\t\t\t\t\t\t\t\t\t<\/div>\n\t\t\t\t<\/div>\n\t\t\t\t<\/div>\n\t\t\t\t\t<\/div>\n\t\t\t\t<\/div>\n\t\t<div class=\"elementor-element elementor-element-77d083a e-flex e-con-boxed e-con e-parent\" data-id=\"77d083a\" data-element_type=\"container\" data-e-type=\"container\" data-settings=\"{&quot;background_background&quot;:&quot;classic&quot;}\">\n\t\t\t\t\t<div class=\"e-con-inner\">\n\t\t<div class=\"elementor-element elementor-element-6fefc89 e-flex e-con-boxed e-con e-child\" data-id=\"6fefc89\" data-element_type=\"container\" data-e-type=\"container\">\n\t\t\t\t\t<div class=\"e-con-inner\">\n\t\t\t\t<div class=\"elementor-element elementor-element-2c8f806 elementor-widget elementor-widget-heading\" data-id=\"2c8f806\" data-element_type=\"widget\" data-e-type=\"widget\" data-widget_type=\"heading.default\">\n\t\t\t\t<div class=\"elementor-widget-container\">\n\t\t\t\t\t<div class=\"elementor-heading-title elementor-size-default\">Do you want your project to be 100% customised?<\/div>\t\t\t\t<\/div>\n\t\t\t\t<\/div>\n\t\t\t\t<div class=\"elementor-element elementor-element-850cb8f elementor-mobile-align-center elementor-align-center elementor-widget elementor-widget-button\" data-id=\"850cb8f\" data-element_type=\"widget\" data-e-type=\"widget\" data-widget_type=\"button.default\">\n\t\t\t\t<div class=\"elementor-widget-container\">\n\t\t\t\t\t\t\t\t\t<div class=\"elementor-button-wrapper\">\n\t\t\t\t\t<a class=\"elementor-button elementor-button-link elementor-size-sm\" href=\"#\">\n\t\t\t\t\t\t<span class=\"elementor-button-content-wrapper\">\n\t\t\t\t\t\t\t\t\t<span class=\"elementor-button-text\">Contact us<\/span>\n\t\t\t\t\t<\/span>\n\t\t\t\t\t<\/a>\n\t\t\t\t<\/div>\n\t\t\t\t\t\t\t\t<\/div>\n\t\t\t\t<\/div>\n\t\t\t\t\t<\/div>\n\t\t\t\t<\/div>\n\t\t\t\t\t<\/div>\n\t\t\t\t<\/div>\n\t\t\t\t<\/div>","protected":false},"excerpt":{"rendered":"<p>Nos dedicamos a ofrecer soluciones integrales en la fabricaci\u00f3n de espacios. Nuestro enfoque se basa en la calidad, la personalizaci\u00f3n y la atenci\u00f3n al cliente, asegurando que cada proyecto sea una experiencia \u00fanica y satisfactoria Dise\u00f1o personalizado Entendemos que cada cliente es \u00fanico. Por eso, ofrecemos un servicio totalmente personalizado, adapt\u00e1ndonos a las necesidades espec\u00edficas [&hellip;]<\/p>","protected":false},"author":1,"featured_media":0,"parent":0,"menu_order":0,"comment_status":"closed","ping_status":"closed","template":"elementor_header_footer","meta":{"_joinchat":[],"footnotes":""},"class_list":["post-18","page","type-page","status-publish","hentry"],"yoast_head":"<!-- This site is optimized with the Yoast SEO plugin v27.3 - https:\/\/yoast.com\/product\/yoast-seo-wordpress\/ -->\n<title>Servicios - Palao Projects<\/title>\n<meta name=\"robots\" content=\"index, follow, max-snippet:-1, max-image-preview:large, max-video-preview:-1\" \/>\n<link rel=\"canonical\" href=\"https:\/\/palaoprojects.com\/en\/servicios\/\" \/>\n<meta property=\"og:locale\" content=\"en_GB\" \/>\n<meta property=\"og:type\" content=\"article\" \/>\n<meta property=\"og:title\" content=\"Servicios - Palao Projects\" \/>\n<meta property=\"og:description\" content=\"Nos dedicamos a ofrecer soluciones integrales en la fabricaci\u00f3n de espacios. Nuestro enfoque se basa en la calidad, la personalizaci\u00f3n y la atenci\u00f3n al cliente, asegurando que cada proyecto sea una experiencia \u00fanica y satisfactoria Dise\u00f1o personalizado Entendemos que cada cliente es \u00fanico. Por eso, ofrecemos un servicio totalmente personalizado, adapt\u00e1ndonos a las necesidades espec\u00edficas [&hellip;]\" \/>\n<meta property=\"og:url\" content=\"https:\/\/palaoprojects.com\/en\/servicios\/\" \/>\n<meta property=\"og:site_name\" content=\"Palao Projects\" \/>\n<meta property=\"article:modified_time\" content=\"2025-02-03T15:05:17+00:00\" \/>\n<meta property=\"og:image\" content=\"https:\/\/palaoprojects.com\/wp-content\/uploads\/2025\/02\/two-female-architects-discuss-about-interior-desig-2023-11-27-05-30-00-utc-scaled.jpg\" \/>\n\t<meta property=\"og:image:width\" content=\"2560\" \/>\n\t<meta property=\"og:image:height\" content=\"1440\" \/>\n\t<meta property=\"og:image:type\" content=\"image\/jpeg\" \/>\n<meta name=\"twitter:card\" content=\"summary_large_image\" \/>\n<meta name=\"twitter:label1\" content=\"Estimated reading time\" \/>\n\t<meta name=\"twitter:data1\" content=\"1 minute\" \/>\n<script type=\"application\/ld+json\" class=\"yoast-schema-graph\">{\"@context\":\"https:\\\/\\\/schema.org\",\"@graph\":[{\"@type\":\"WebPage\",\"@id\":\"https:\\\/\\\/palaoprojects.com\\\/servicios\\\/\",\"url\":\"https:\\\/\\\/palaoprojects.com\\\/servicios\\\/\",\"name\":\"Servicios - Palao Projects\",\"isPartOf\":{\"@id\":\"https:\\\/\\\/palaoprojects.com\\\/#website\"},\"primaryImageOfPage\":{\"@id\":\"https:\\\/\\\/palaoprojects.com\\\/servicios\\\/#primaryimage\"},\"image\":{\"@id\":\"https:\\\/\\\/palaoprojects.com\\\/servicios\\\/#primaryimage\"},\"thumbnailUrl\":\"https:\\\/\\\/palaoprojects.com\\\/wp-content\\\/uploads\\\/2025\\\/02\\\/two-female-architects-discuss-about-interior-desig-2023-11-27-05-30-00-utc-1024x576.jpg\",\"datePublished\":\"2024-08-01T15:17:27+00:00\",\"dateModified\":\"2025-02-03T15:05:17+00:00\",\"breadcrumb\":{\"@id\":\"https:\\\/\\\/palaoprojects.com\\\/servicios\\\/#breadcrumb\"},\"inLanguage\":\"en-GB\",\"potentialAction\":[{\"@type\":\"ReadAction\",\"target\":[\"https:\\\/\\\/palaoprojects.com\\\/servicios\\\/\"]}]},{\"@type\":\"ImageObject\",\"inLanguage\":\"en-GB\",\"@id\":\"https:\\\/\\\/palaoprojects.com\\\/servicios\\\/#primaryimage\",\"url\":\"https:\\\/\\\/palaoprojects.com\\\/wp-content\\\/uploads\\\/2025\\\/02\\\/two-female-architects-discuss-about-interior-desig-2023-11-27-05-30-00-utc-1024x576.jpg\",\"contentUrl\":\"https:\\\/\\\/palaoprojects.com\\\/wp-content\\\/uploads\\\/2025\\\/02\\\/two-female-architects-discuss-about-interior-desig-2023-11-27-05-30-00-utc-1024x576.jpg\"},{\"@type\":\"BreadcrumbList\",\"@id\":\"https:\\\/\\\/palaoprojects.com\\\/servicios\\\/#breadcrumb\",\"itemListElement\":[{\"@type\":\"ListItem\",\"position\":1,\"name\":\"Portada\",\"item\":\"https:\\\/\\\/palaoprojects.com\\\/\"},{\"@type\":\"ListItem\",\"position\":2,\"name\":\"Servicios\"}]},{\"@type\":\"WebSite\",\"@id\":\"https:\\\/\\\/palaoprojects.com\\\/#website\",\"url\":\"https:\\\/\\\/palaoprojects.com\\\/\",\"name\":\"Palao Projects\",\"description\":\"\",\"publisher\":{\"@id\":\"https:\\\/\\\/palaoprojects.com\\\/#organization\"},\"potentialAction\":[{\"@type\":\"SearchAction\",\"target\":{\"@type\":\"EntryPoint\",\"urlTemplate\":\"https:\\\/\\\/palaoprojects.com\\\/?s={search_term_string}\"},\"query-input\":{\"@type\":\"PropertyValueSpecification\",\"valueRequired\":true,\"valueName\":\"search_term_string\"}}],\"inLanguage\":\"en-GB\"},{\"@type\":\"Organization\",\"@id\":\"https:\\\/\\\/palaoprojects.com\\\/#organization\",\"name\":\"Palao Projects\",\"url\":\"https:\\\/\\\/palaoprojects.com\\\/\",\"logo\":{\"@type\":\"ImageObject\",\"inLanguage\":\"en-GB\",\"@id\":\"https:\\\/\\\/palaoprojects.com\\\/#\\\/schema\\\/logo\\\/image\\\/\",\"url\":\"https:\\\/\\\/palaoprojects.com\\\/wp-content\\\/uploads\\\/2025\\\/01\\\/Gris-01-copia.png\",\"contentUrl\":\"https:\\\/\\\/palaoprojects.com\\\/wp-content\\\/uploads\\\/2025\\\/01\\\/Gris-01-copia.png\",\"width\":8168,\"height\":1811,\"caption\":\"Palao Projects\"},\"image\":{\"@id\":\"https:\\\/\\\/palaoprojects.com\\\/#\\\/schema\\\/logo\\\/image\\\/\"}}]}<\/script>\n<!-- \/ Yoast SEO plugin. -->","yoast_head_json":{"title":"Servicios - Palao Projects","robots":{"index":"index","follow":"follow","max-snippet":"max-snippet:-1","max-image-preview":"max-image-preview:large","max-video-preview":"max-video-preview:-1"},"canonical":"https:\/\/palaoprojects.com\/en\/servicios\/","og_locale":"en_GB","og_type":"article","og_title":"Servicios - Palao Projects","og_description":"Nos dedicamos a ofrecer soluciones integrales en la fabricaci\u00f3n de espacios. Nuestro enfoque se basa en la calidad, la personalizaci\u00f3n y la atenci\u00f3n al cliente, asegurando que cada proyecto sea una experiencia \u00fanica y satisfactoria Dise\u00f1o personalizado Entendemos que cada cliente es \u00fanico. Por eso, ofrecemos un servicio totalmente personalizado, adapt\u00e1ndonos a las necesidades espec\u00edficas [&hellip;]","og_url":"https:\/\/palaoprojects.com\/en\/servicios\/","og_site_name":"Palao Projects","article_modified_time":"2025-02-03T15:05:17+00:00","og_image":[{"width":2560,"height":1440,"url":"https:\/\/palaoprojects.com\/wp-content\/uploads\/2025\/02\/two-female-architects-discuss-about-interior-desig-2023-11-27-05-30-00-utc-scaled.jpg","type":"image\/jpeg"}],"twitter_card":"summary_large_image","twitter_misc":{"Estimated reading time":"1 minute"},"schema":{"@context":"https:\/\/schema.org","@graph":[{"@type":"WebPage","@id":"https:\/\/palaoprojects.com\/servicios\/","url":"https:\/\/palaoprojects.com\/servicios\/","name":"Servicios - Palao Projects","isPartOf":{"@id":"https:\/\/palaoprojects.com\/#website"},"primaryImageOfPage":{"@id":"https:\/\/palaoprojects.com\/servicios\/#primaryimage"},"image":{"@id":"https:\/\/palaoprojects.com\/servicios\/#primaryimage"},"thumbnailUrl":"https:\/\/palaoprojects.com\/wp-content\/uploads\/2025\/02\/two-female-architects-discuss-about-interior-desig-2023-11-27-05-30-00-utc-1024x576.jpg","datePublished":"2024-08-01T15:17:27+00:00","dateModified":"2025-02-03T15:05:17+00:00","breadcrumb":{"@id":"https:\/\/palaoprojects.com\/servicios\/#breadcrumb"},"inLanguage":"en-GB","potentialAction":[{"@type":"ReadAction","target":["https:\/\/palaoprojects.com\/servicios\/"]}]},{"@type":"ImageObject","inLanguage":"en-GB","@id":"https:\/\/palaoprojects.com\/servicios\/#primaryimage","url":"https:\/\/palaoprojects.com\/wp-content\/uploads\/2025\/02\/two-female-architects-discuss-about-interior-desig-2023-11-27-05-30-00-utc-1024x576.jpg","contentUrl":"https:\/\/palaoprojects.com\/wp-content\/uploads\/2025\/02\/two-female-architects-discuss-about-interior-desig-2023-11-27-05-30-00-utc-1024x576.jpg"},{"@type":"BreadcrumbList","@id":"https:\/\/palaoprojects.com\/servicios\/#breadcrumb","itemListElement":[{"@type":"ListItem","position":1,"name":"Portada","item":"https:\/\/palaoprojects.com\/"},{"@type":"ListItem","position":2,"name":"Servicios"}]},{"@type":"WebSite","@id":"https:\/\/palaoprojects.com\/#website","url":"https:\/\/palaoprojects.com\/","name":"Palao Projects","description":"","publisher":{"@id":"https:\/\/palaoprojects.com\/#organization"},"potentialAction":[{"@type":"SearchAction","target":{"@type":"EntryPoint","urlTemplate":"https:\/\/palaoprojects.com\/?s={search_term_string}"},"query-input":{"@type":"PropertyValueSpecification","valueRequired":true,"valueName":"search_term_string"}}],"inLanguage":"en-GB"},{"@type":"Organization","@id":"https:\/\/palaoprojects.com\/#organization","name":"Palao Projects","url":"https:\/\/palaoprojects.com\/","logo":{"@type":"ImageObject","inLanguage":"en-GB","@id":"https:\/\/palaoprojects.com\/#\/schema\/logo\/image\/","url":"https:\/\/palaoprojects.com\/wp-content\/uploads\/2025\/01\/Gris-01-copia.png","contentUrl":"https:\/\/palaoprojects.com\/wp-content\/uploads\/2025\/01\/Gris-01-copia.png","width":8168,"height":1811,"caption":"Palao Projects"},"image":{"@id":"https:\/\/palaoprojects.com\/#\/schema\/logo\/image\/"}}]}},"_links":{"self":[{"href":"https:\/\/palaoprojects.com\/en\/wp-json\/wp\/v2\/pages\/18","targetHints":{"allow":["GET"]}}],"collection":[{"href":"https:\/\/palaoprojects.com\/en\/wp-json\/wp\/v2\/pages"}],"about":[{"href":"https:\/\/palaoprojects.com\/en\/wp-json\/wp\/v2\/types\/page"}],"author":[{"embeddable":true,"href":"https:\/\/palaoprojects.com\/en\/wp-json\/wp\/v2\/users\/1"}],"replies":[{"embeddable":true,"href":"https:\/\/palaoprojects.com\/en\/wp-json\/wp\/v2\/comments?post=18"}],"version-history":[{"count":46,"href":"https:\/\/palaoprojects.com\/en\/wp-json\/wp\/v2\/pages\/18\/revisions"}],"predecessor-version":[{"id":1505,"href":"https:\/\/palaoprojects.com\/en\/wp-json\/wp\/v2\/pages\/18\/revisions\/1505"}],"wp:attachment":[{"href":"https:\/\/palaoprojects.com\/en\/wp-json\/wp\/v2\/media?parent=18"}],"curies":[{"name":"wp","href":"https:\/\/api.w.org\/{rel}","templated":true}]}}